{"id":112,"date":"2020-08-18T15:31:21","date_gmt":"2020-08-18T15:31:21","guid":{"rendered":"https:\/\/superevolucaosistema.com\/pesca\/?post_type=product&#038;p=112"},"modified":"2020-08-18T16:02:24","modified_gmt":"2020-08-18T16:02:24","slug":"molinete-shimano","status":"publish","type":"product","link":"https:\/\/superevolucaosistema.com\/pesca\/produto\/molinete-shimano\/","title":{"rendered":"MOLINETE SHIMANO"},"content":{"rendered":"<p>MOLINETE SHIMANO<\/p>\n","protected":false},"excerpt":{"rendered":"<p><strong>MOLINETE SHIMANO AERLEX 8000 XSA<\/strong><\/p>\n<p>O Molinete Aerlex 8000 XSA \u00e9 um molinete feito para trabalhos duros. O corpo azul com detalhes met\u00e1licos oferece uma cosm\u00e9tica moderna.<\/p>\n<p>Conta com sistema Aero Wrap II, que distribui a linha uniformemente no carretel em duas velocidades em conjunto com o carretel AR-C, resultando no desempenho requerido para pescadores de praia.<\/p>\n<p>A poderosa raz\u00e3o de recolhimento de 4.6:1 d\u00e1 ao Aerlex poder para lidar com grandes pesos sobre fundos rochosos e irregulares.<\/p>\n<p><strong>AR-C SPOOL<\/strong><\/p>\n<p>Shimano AR-C Spool \u00e9 um carretel patenteado com um perfil angulado. Esse design permite \u00e0 linha sair do carretel com menos fric\u00e7\u00e3o e em espirais menores, resultando em arremessos mais longos e precisos. Os carret\u00e9is AR-C comprovadamente reduzem a quantidade de embara\u00e7os e n\u00f3s de vento quando a linha usada \u00e9 de multifilamento.<\/p>\n<p><strong>AERO WRAP II<\/strong><\/p>\n<p>Aero Wrap II \u00e9 um sistema de oscila\u00e7\u00e3o especialmente desenhado para criar velocidades de oscila\u00e7\u00e3o para o projeto do carretel Propulsion Line. Ele proporciona um enrolar uniforme e uma forma para prevenir perda de energia durante o arremesso enquanto prov\u00eam arremessos mais longos que os outros sistemas de oscila\u00e7\u00e3o. Com isso aumenta dist\u00e2ncia no arremesso com menos esfor\u00e7o.<\/p>\n<p><strong>POWER ROLLER<\/strong><\/p>\n<p>Nova caracter\u00edstica do seu molinete Shimano, o \u201cPower Roller\u201d \u2013 um sistema especial de enrolamento de linha que reduz a tor\u00e7\u00e3o na linha. O sistema Power Roller reduz a tor\u00e7\u00e3o da linha decorrente de repetidos arremessos e recolhimento em at\u00e9 50%.<br \/>\nO sistema Power Roller foi especialmente projetado com ranhuras, que garante que a linha ficar\u00e1 enrolada no carretel para minimizar a tor\u00e7\u00e3o da linha.<\/p>\n<p><strong>DYNA BALANCE<\/strong><\/p>\n<p>Esta caracter\u00edstica elimina a oscila\u00e7\u00e3o durante o recolhimento balanceando o rotor, aumentando a sensibilidade e suavidade. Usando um balanceamento computadorizado, semelhante a um balanceamento de pneu de carro, \u00e9 poss\u00edvel redistribuir o peso do rotor para criar uma rota\u00e7\u00e3o suave e eliminar a vibra\u00e7\u00e3o causado pelo carretel.<\/p>\n<p><strong>SUPER STOPPER II<\/strong><\/p>\n<p>Este sistema Anti-reverso Super Stopper II foi projetado para \u00a0m\u00e1xima durabilidade e fisgadas imediatas. O sistema utiliza um rolamento cil\u00edndrico de uma via que foi refor\u00e7ado com cilindros mais grossos.<\/p>\n<p><strong>INSTANT DRAG<\/strong><\/p>\n<p>Instant Drag \u00e9 um freio de ajuste ultra r\u00e1pido, basta um toque para libera\u00e7\u00e3o suave ou incr\u00edvel for\u00e7a de arrasto.<\/p>\n<p><strong>ESPECIFICA\u00c7\u00d5ES<\/strong><\/p>\n<p>Freio Dianteiro<\/p>\n<p>Recolhimento 4.6:1<\/p>\n<p>Capacidade de linha (N\u00e1ilon \u2013 lb\/m) 17lbs-320m \/ 20lbs-265m \/ 25lbs-219m<\/p>\n<p>Rolamentos 1 Shielded Stainless Steel + 1 Roller Bearing<\/p>\n<p>Recolhimento por volta manivela: 99 cm<\/p>\n<p>Drag\/freio: 15kg<\/p>\n<p>Peso 745grs<\/p>\n","protected":false},"featured_media":113,"comment_status":"open","ping_status":"closed","template":"","meta":[],"product_brand":[],"product_cat":[22,23],"product_tag":[24,25],"class_list":{"0":"post-112","1":"product","2":"type-product","3":"status-publish","4":"has-post-thumbnail","6":"product_cat-molinete","7":"product_cat-shimano","8":"product_tag-molinete","9":"product_tag-shimano","10":"entry","11":"has-media","14":"first","15":"instock","16":"sale","17":"shipping-taxable","18":"purchasable","19":"product-type-simple","20":"has-product-nav","21":"col","22":"span_1_of_3","23":"owp-content-center","24":"owp-thumbs-layout-horizontal","25":"owp-btn-normal","26":"owp-tabs-layout-horizontal"},"_links":{"self":[{"href":"https:\/\/superevolucaosistema.com\/pesca\/wp-json\/wp\/v2\/product\/112","targetHints":{"allow":["GET"]}}],"collection":[{"href":"https:\/\/superevolucaosistema.com\/pesca\/wp-json\/wp\/v2\/product"}],"about":[{"href":"https:\/\/superevolucaosistema.com\/pesca\/wp-json\/wp\/v2\/types\/product"}],"replies":[{"embeddable":true,"href":"https:\/\/superevolucaosistema.com\/pesca\/wp-json\/wp\/v2\/comments?post=112"}],"wp:featuredmedia":[{"embeddable":true,"href":"https:\/\/superevolucaosistema.com\/pesca\/wp-json\/wp\/v2\/media\/113"}],"wp:attachment":[{"href":"https:\/\/superevolucaosistema.com\/pesca\/wp-json\/wp\/v2\/media?parent=112"}],"wp:term":[{"taxonomy":"product_brand","embeddable":true,"href":"https:\/\/superevolucaosistema.com\/pesca\/wp-json\/wp\/v2\/product_brand?post=112"},{"taxonomy":"product_cat","embeddable":true,"href":"https:\/\/superevolucaosistema.com\/pesca\/wp-json\/wp\/v2\/product_cat?post=112"},{"taxonomy":"product_tag","embeddable":true,"href":"https:\/\/superevolucaosistema.com\/pesca\/wp-json\/wp\/v2\/product_tag?post=112"}],"curies":[{"name":"wp","href":"https:\/\/api.w.org\/{rel}","templated":true}]}}