{"id":90,"date":"2020-08-18T14:51:05","date_gmt":"2020-08-18T14:51:05","guid":{"rendered":"https:\/\/superevolucaosistema.com\/pesca\/?page_id=90"},"modified":"2021-01-26T13:41:30","modified_gmt":"2021-01-26T13:41:30","slug":"quem-somos","status":"publish","type":"page","link":"https:\/\/superevolucaosistema.com\/pesca\/quem-somos\/","title":{"rendered":"QUEM SOMOS"},"content":{"rendered":"\t\t<div data-elementor-type=\"wp-page\" data-elementor-id=\"90\" class=\"elementor elementor-90\">\n\t\t\t\t\t\t<header class=\"elementor-section elementor-top-section elementor-element elementor-element-9c2f3f7 elementor-section-content-middle elementor-section-boxed elementor-section-height-default elementor-section-height-default\" data-id=\"9c2f3f7\" data-element_type=\"section\" data-settings=\"{&quot;background_background&quot;:&quot;classic&quot;}\">\n\t\t\t\t\t\t\t<div class=\"elementor-background-overlay\"><\/div>\n\t\t\t\t\t\t\t<div class=\"elementor-container elementor-column-gap-default\">\n\t\t\t\t\t<div class=\"elementor-column elementor-col-100 elementor-top-column elementor-element elementor-element-7bcf0a9b\" data-id=\"7bcf0a9b\" data-element_type=\"column\">\n\t\t\t<div class=\"elementor-widget-wrap\">\n\t\t\t\t\t\t\t<\/div>\n\t\t<\/div>\n\t\t\t\t\t<\/div>\n\t\t<\/header>\n\t\t\t\t<section class=\"elementor-section elementor-top-section elementor-element elementor-element-2fdd7f67 elementor-section-boxed elementor-section-height-default elementor-section-height-default\" data-id=\"2fdd7f67\" data-element_type=\"section\" data-settings=\"{&quot;background_background&quot;:&quot;classic&quot;}\">\n\t\t\t\t\t\t\t<div class=\"elementor-background-overlay\"><\/div>\n\t\t\t\t\t\t\t<div class=\"elementor-container elementor-column-gap-default\">\n\t\t\t\t\t<div class=\"elementor-column elementor-col-50 elementor-top-column elementor-element elementor-element-1793dfa elementor-invisible\" data-id=\"1793dfa\" data-element_type=\"column\" data-settings=\"{&quot;animation&quot;:&quot;fadeInLeft&quot;,&quot;background_background&quot;:&quot;classic&quot;}\">\n\t\t\t<div class=\"elementor-widget-wrap elementor-element-populated\">\n\t\t\t\t\t<div class=\"elementor-background-overlay\"><\/div>\n\t\t\t\t\t\t<div class=\"elementor-element elementor-element-4f5a2d elementor-widget elementor-widget-image\" data-id=\"4f5a2d\" data-element_type=\"widget\" data-widget_type=\"image.default\">\n\t\t\t\t<div class=\"elementor-widget-container\">\n\t\t\t\t\t\t\t\t\t\t\t\t\t\t\t<img fetchpriority=\"high\" decoding=\"async\" width=\"1920\" height=\"1280\" src=\"https:\/\/superevolucaosistema.com\/pesca\/wp-content\/uploads\/2020\/08\/homem-arma-caca-1920x1280-1.jpg\" class=\"attachment-full size-full wp-image-50\" alt=\"molinete,anzol,vara de pesca,presente, dia dos pais\" srcset=\"https:\/\/superevolucaosistema.com\/pesca\/wp-content\/uploads\/2020\/08\/homem-arma-caca-1920x1280-1.jpg 1920w, https:\/\/superevolucaosistema.com\/pesca\/wp-content\/uploads\/2020\/08\/homem-arma-caca-1920x1280-1-300x200.jpg 300w, https:\/\/superevolucaosistema.com\/pesca\/wp-content\/uploads\/2020\/08\/homem-arma-caca-1920x1280-1-1024x683.jpg 1024w, https:\/\/superevolucaosistema.com\/pesca\/wp-content\/uploads\/2020\/08\/homem-arma-caca-1920x1280-1-768x512.jpg 768w, https:\/\/superevolucaosistema.com\/pesca\/wp-content\/uploads\/2020\/08\/homem-arma-caca-1920x1280-1-1536x1024.jpg 1536w, https:\/\/superevolucaosistema.com\/pesca\/wp-content\/uploads\/2020\/08\/homem-arma-caca-1920x1280-1-600x400.jpg 600w\" sizes=\"(max-width: 1920px) 100vw, 1920px\" \/>\t\t\t\t\t\t\t\t\t\t\t\t\t\t\t<\/div>\n\t\t\t\t<\/div>\n\t\t\t\t\t<\/div>\n\t\t<\/div>\n\t\t\t\t<div class=\"elementor-column elementor-col-50 elementor-top-column elementor-element elementor-element-17cc32c4 elementor-invisible\" data-id=\"17cc32c4\" data-element_type=\"column\" data-settings=\"{&quot;animation&quot;:&quot;fadeInRight&quot;}\">\n\t\t\t<div class=\"elementor-widget-wrap elementor-element-populated\">\n\t\t\t\t\t\t<div class=\"elementor-element elementor-element-21914152 elementor-widget elementor-widget-heading\" data-id=\"21914152\" data-element_type=\"widget\" data-widget_type=\"heading.default\">\n\t\t\t\t<div class=\"elementor-widget-container\">\n\t\t\t\t\t<h2 class=\"elementor-heading-title elementor-size-default\">QUEM SOMOS<\/h2>\t\t\t\t<\/div>\n\t\t\t\t<\/div>\n\t\t\t\t<div class=\"elementor-element elementor-element-2c2d471d elementor-widget elementor-widget-text-editor\" data-id=\"2c2d471d\" data-element_type=\"widget\" data-widget_type=\"text-editor.default\">\n\t\t\t\t<div class=\"elementor-widget-container\">\n\t\t\t\t\t\t\t\t\t<p>EMPRESA ESPECIALIZADA EM CA\u00c7A E PESCA.<\/p><p>OFERECEMOS TUDO PARA CA\u00c7A , PESCA, CAMPING E ARMAMENTOS.<\/p><p>CONHE\u00c7A UM POUCO DO QUE OFERECEMOS<\/p>\t\t\t\t\t\t\t\t<\/div>\n\t\t\t\t<\/div>\n\t\t\t\t\t<\/div>\n\t\t<\/div>\n\t\t\t\t\t<\/div>\n\t\t<\/section>\n\t\t\t\t<section class=\"elementor-section elementor-top-section elementor-element elementor-element-39bc66c5 elementor-section-boxed elementor-section-height-default elementor-section-height-default\" data-id=\"39bc66c5\" data-element_type=\"section\">\n\t\t\t\t\t\t<div class=\"elementor-container elementor-column-gap-default\">\n\t\t\t\t\t<div class=\"elementor-column elementor-col-100 elementor-top-column elementor-element elementor-element-41de03b1\" data-id=\"41de03b1\" data-element_type=\"column\">\n\t\t\t<div class=\"elementor-widget-wrap\">\n\t\t\t\t\t\t\t<\/div>\n\t\t<\/div>\n\t\t\t\t\t<\/div>\n\t\t<\/section>\n\t\t\t\t<\/div>\n\t\t","protected":false},"excerpt":{"rendered":"<p>QUEM SOMOS EMPRESA ESPECIALIZADA EM CA\u00c7A E PESCA. OFERECEMOS TUDO PARA CA\u00c7A , PESCA, CAMPING E ARMAMENTOS. CONHE\u00c7A UM POUCO DO QUE OFERECEMOS<\/p>\n","protected":false},"author":1,"featured_media":0,"parent":0,"menu_order":0,"comment_status":"closed","ping_status":"closed","template":"elementor_header_footer","meta":{"footnotes":""},"class_list":["post-90","page","type-page","status-publish","hentry","entry","owp-thumbs-layout-horizontal","owp-btn-normal","owp-tabs-layout-horizontal","has-no-thumbnails"],"_links":{"self":[{"href":"https:\/\/superevolucaosistema.com\/pesca\/wp-json\/wp\/v2\/pages\/90","targetHints":{"allow":["GET"]}}],"collection":[{"href":"https:\/\/superevolucaosistema.com\/pesca\/wp-json\/wp\/v2\/pages"}],"about":[{"href":"https:\/\/superevolucaosistema.com\/pesca\/wp-json\/wp\/v2\/types\/page"}],"author":[{"embeddable":true,"href":"https:\/\/superevolucaosistema.com\/pesca\/wp-json\/wp\/v2\/users\/1"}],"replies":[{"embeddable":true,"href":"https:\/\/superevolucaosistema.com\/pesca\/wp-json\/wp\/v2\/comments?post=90"}],"version-history":[{"count":7,"href":"https:\/\/superevolucaosistema.com\/pesca\/wp-json\/wp\/v2\/pages\/90\/revisions"}],"predecessor-version":[{"id":189,"href":"https:\/\/superevolucaosistema.com\/pesca\/wp-json\/wp\/v2\/pages\/90\/revisions\/189"}],"wp:attachment":[{"href":"https:\/\/superevolucaosistema.com\/pesca\/wp-json\/wp\/v2\/media?parent=90"}],"curies":[{"name":"wp","href":"https:\/\/api.w.org\/{rel}","templated":true}]}}